{"id":793,"date":"2023-02-20T13:10:16","date_gmt":"2023-02-20T18:10:16","guid":{"rendered":"http:\/\/3.96.229.193\/?page_id=793"},"modified":"2025-09-30T16:22:47","modified_gmt":"2025-09-30T20:22:47","slug":"avis-legal","status":"publish","type":"page","link":"https:\/\/sanexen.com\/fr\/avis-legal\/","title":{"rendered":"Avis L\u00e9gal"},"content":{"rendered":"\n<p><strong>Conditions d\u2019utilisation<\/strong><\/p>\n\n\n\n<p>Ce site Web, les produits et services qu\u2019il pr\u00e9sente et son contenu (le \u00absite Web\u00bb) sont fournis \u00abtels quels\u00bb et \u00abselon la disponibilit\u00e9\u00bb sans qu\u2019aucune d\u00e9claration ne soit faite ni aucune garantie ne soit donn\u00e9e, de quelque nature, et les renseignements qu\u2019il renferme ont pour seul but de vous donner de l\u2019information sur les produits et services offerts par SANEXEN ou ses entit\u00e9s affili\u00e9es.<\/p>\n\n\n\n<p>SANEXEN ET SES ENTIT\u00c9S AFFILI\u00c9ES NE FONT AUCUNE D\u00c9CLARATION ET D\u00c9CLINENT TOUTE GARANTIE, CONDITION OU RESPONSABILIT\u00c9, EXPRESSES OU IMPLICITES, Y COMPRIS, MAIS SANS S\u2019Y RESTREINDRE, LES GARANTIES IMPLICITES AYANT TRAIT AU FONCTIONNEMENT, \u00c0 LA QUALIT\u00c9 OU \u00c0 L\u2019ADAPTATION \u00c0 UN USAGE PARTICULIER DU SITE WEB.<\/p>\n\n\n\n<p>SANEXEN ET SES ENTIT\u00c9S AFFILI\u00c9ES NE GARANTISSENT PAS QUE LE SITE WEB EST EXACT, SUFFISANT, EXEMPT D\u2019ERREURS, COMPLET OU \u00c0 JOUR AU MOMENT O\u00d9 L\u2019USAGER Y A ACC\u00c8S. SANEXEN ET SES ENTIT\u00c9S AFFILI\u00c9ES NE GARANTISSENT PAS QUE LE SITE WEB EST EXEMPT DE VIRUS OU D\u2019AUTRES CONTENUS NUISIBLES.<\/p>\n\n\n\n<p>L\u2019utilisateur devrait faire de plus amples recherches afin de s\u2019assurer de l\u2019exactitude et de l\u2019exhaustivit\u00e9 des renseignements figurant sur le site Web avant de s\u2019y fonder.<br>Les risques d\u00e9coulant de l\u2019utilisation du site Web, y compris, mais sans s\u2019y restreindre, tout renseignement provenant de celui-ci, incombent enti\u00e8rement \u00e0 l\u2019utilisateur.<\/p>\n\n\n\n<p>SANEXEN OU SES ENTIT\u00c9S AFFILI\u00c9ES NE POURRONT EN AUCUN CAS \u00caTRE TENUES RESPONSABLES ENVERS QUICONQUE POUR TOUS DOMMAGES SP\u00c9CIAUX, DIRECTS, INDIRECTS, CONS\u00c9CUTIFS, ACCESSOIRES, EXEMPLAIRES OU AUTRES EN VERTU DE TOUTE TH\u00c9ORIE DU DROIT D\u00c9COULANT OU R\u00c9SULTANT DE L\u2019UTILISATION OU DU FONCTIONNEMENT DU SITE WEB OU QUI Y ONT TRAIT, DE QUELQUE MANI\u00c8RE QUE CE SOIT, Y COMPRIS, MAIS SANS S\u2019Y RESTREINDRE, LES DOMMAGES POUR PERTE DE CONFIDENTIALIT\u00c9, PERTE D\u2019UTILISATION, PERTE DE PROFITS, D\u2019OCCASIONS D\u2019AFFAIRES OU DE DONN\u00c9ES, OU DES DOMMAGES CAUS\u00c9S \u00c0 UN SYST\u00c8ME INFORMATIQUE, M\u00caME SI L\u2019UTILISATEUR A AVIS\u00c9 SANEXEN&nbsp; OU SES ENTIT\u00c9S AFFILI\u00c9ES DE LA POSSIBILIT\u00c9 DE TELS DOMMAGES.<\/p>\n\n\n\n<p>Les modalit\u00e9s et conditions, les renseignements, les produits et les services que renferme le pr\u00e9sent site Web ou dont il est question dans celui-ci peuvent \u00eatre modifi\u00e9s ou mis \u00e0 jour sans pr\u00e9avis. Vous reconnaissez qu\u2019il vous incombe de surveiller les mises \u00e0 jour du site Web pour vous tenir au courant de telles modifications. De plus, vous reconnaissez que SANEXEN peut, en tout temps et sans pr\u00e9avis, interrompre en totalit\u00e9 ou en partie le fonctionnement du site Web. Si vous n\u2019\u00eates pas d\u2019accord avec l\u2019une ou l\u2019autre des modalit\u00e9s et conditions des mises \u00e0 jour, vous devez cesser imm\u00e9diatement d\u2019utiliser le site Web.<\/p>\n\n\n\n<p>Les d\u00e9clarations qui sont indiqu\u00e9es aux pr\u00e9sentes sont faites sous toutes r\u00e9serves, SANEXEN et ses entit\u00e9s affili\u00e9es se r\u00e9servant les droits et moyens de d\u00e9fense qui figurent sur le connaissement et\/ou qui font autrement l\u2019objet d\u2019un contrat.<\/p>\n\n\n\n<p>En tout temps et \u00e0 son gr\u00e9, SANEXEN peut mettre fin, en totalit\u00e9 ou en partie, \u00e0 votre droit d\u2019acc\u00e8s au site Web pour quelque raison que ce soit, et elle ne saurait, en aucun cas, \u00eatre tenue responsable envers vous ou un tiers de tout dommage ou toute perte d\u00e9coulant de la r\u00e9siliation de votre acc\u00e8s au site Web.&nbsp; Si un tribunal jugeait que l\u2019une quelconque des dispositions des pr\u00e9sentes modalit\u00e9s et conditions \u00e9tait ill\u00e9gale, inex\u00e9cutoire ou nulle, les autres dispositions demeurent valides et continuent de s\u2019appliquer. Les modalit\u00e9s et conditions du site Web ainsi que toute condition suppl\u00e9mentaire applicable sont r\u00e9gies par les lois de la province de Qu\u00e9bec et toute loi f\u00e9d\u00e9rale qui s\u2019y applique.<\/p>\n\n\n\n<p><strong>Modalit\u00e9s suppl\u00e9mentaires \u00e0 l\u2019\u00e9gard des renseignements personnels<\/strong><\/p>\n\n\n\n<p>LES CONDITIONS D\u2019UTILISATION DOIVENT \u00caTRE LUES EN AVEC LA\u00a0<strong><em><a href=\"https:\/\/sanexen.com\/wp-content\/uploads\/2025\/06\/Politique-de-confidentialite\u0301.pdf\" target=\"_blank\" rel=\"noreferrer noopener\">POLITIQUE SUR LA PROTECTION DES RENSEIGNEMENTS\u00a0PERSONNELS<\/a><\/em><\/strong>\u00a0et l\u2019avis Param\u00e8tres des T\u00e9moins<\/p>\n\n\n\n<p>Bien que SANEXEN fasse en g\u00e9n\u00e9ral affaire avec des entreprises et non pas avec le grand public ou des consommateurs individuels, il se peut, dans certains cas, qu\u2019elle recueille des renseignements personnels. Les renseignements que vous fournissez ne seront utilis\u00e9s que pour les fins pour lesquelles elles auront \u00e9t\u00e9 collect\u00e9es. SANEXEN conservera en un lieu s\u00fbr et de mani\u00e8re confidentielle, \u00e0 son \u00e9tablissement, les archives renfermant des renseignements personnels qui vous identifient, \u00e9tant cependant entendu que vos renseignements personnels pourront \u00eatre communiqu\u00e9s aux entit\u00e9s affili\u00e9es au groupe SANEXEN pour les fins pour lesquelles elles auront \u00e9t\u00e9 collect\u00e9es.<\/p>\n\n\n\n<p>Sauf pour les exceptions sp\u00e9cifiquement pr\u00e9vues par les dispositions l\u00e9gislatives applicables, vous pouvez prendre les dispositions n\u00e9cessaires pour exercer votre droit d\u2019acc\u00e8s \u00e0 votre dossier et rectifier tout renseignement incomplet ou inexact en communiquant avec la Responsable de la protection des renseignements personnels,&nbsp;<strong>Mari\u00e8ve S\u00e9vigny, directrice principale, ressources humaines \u00e0 :<\/strong><\/p>\n\n\n\n<p><strong>SANEXEN<\/strong> <strong>Services environnementaux inc.<\/strong><\/p>\n\n\n\n<p><strong>9935, rue de Ch\u00e2teauneuf<\/strong><br><strong>Entr\u00e9e 1, bureau 200<\/strong><br><strong>Brossard (Qu\u00e9bec) J4Z 3V4&nbsp;<\/strong><\/p>\n\n\n\n<p><strong>Courriel : <a href=\"mailto:confidentiel@sanexen.com\" target=\"_blank\" rel=\"noreferrer noopener\">confidentiel@sanexen.com<\/a><\/strong><br><strong>Num\u00e9ro de t\u00e9l\u00e9phone : (450) 466-2123<\/strong><\/p>\n\n\n\n<ul class=\"wp-block-list\">\n<li><strong>Ressources humaines<\/strong><\/li>\n<\/ul>\n\n\n\n<p>Les renseignements personnels que vous fournirez en postulant pout un emploi sont requis pour l\u2019objectif suivant : l\u2019examen de votre demande d\u2019emploi, l\u2019examen de toute d\u00e9cision relative \u00e0 votre embauche et, \u00e9ventuellement, \u00e0 vos fonctions. De fa\u00e7on g\u00e9n\u00e9rale, ces renseignements serviront \u00e0 tenir et g\u00e9rer toute l\u2019information n\u00e9cessaire \u00e0 votre embauche et \u00e0 votre maintien dans un emploi qui vous serait \u00e9ventuellement accord\u00e9.<\/p>\n\n\n\n<ul class=\"wp-block-list\">\n<li><strong>Commentaires recueillis<\/strong><\/li>\n<\/ul>\n\n\n\n<p>Les renseignements personnels que vous fournissez par le biais de ces commentaires sont requis pour l\u2019objectif suivant : la compilation de commentaires pour fins d\u2019am\u00e9lioration du service \u00e0 la client\u00e8le de SANEXEN et la communication avec vous pour assurer un suivi de vos commentaires, le cas \u00e9ch\u00e9ant. SANEXEN peut compiler ces renseignements personnels pour fins de statistiques et vous consentez \u00e0 cette collecte et utilisation de renseignements.<\/p>\n\n\n\n<ul class=\"wp-block-list\">\n<li><strong>Param\u00e8tres des T\u00e9moins<\/strong><\/li>\n<\/ul>\n\n\n\n<p>Il se peut que des renseignements relatifs \u00e0 votre interaction avec le site Web, qui peuvent \u00eatre li\u00e9s en tout ou en partie \u00e0 votre adresse IP, soient compil\u00e9s \u00e0 des fins statistiques en vue d\u2019am\u00e9liorer la performance, les caract\u00e9ristiques et le fonctionnement du site Web et vous consentez par les pr\u00e9sentes \u00e0 ce que ces renseignements soient recueillis et utilis\u00e9s.<\/p>\n\n\n\n<ul class=\"wp-block-list\">\n<li><strong>Modalit\u00e9s suppl\u00e9mentaires \u00e0 l\u2019\u00e9gard&nbsp;de la propri\u00e9t\u00e9 intellectuelle<\/strong><\/li>\n<\/ul>\n\n\n\n<p>Ni le pr\u00e9sent site Web ni toute partie de son contenu ne peut \u00eatre copi\u00e9, reproduit, communiqu\u00e9, publi\u00e9, rendu accessible ou autrement redistribu\u00e9 sans l\u2019autorisation \u00e9crite pr\u00e9alable de SANEXEN, hormis selon ce qui est n\u00e9cessaire dans le cours normal de l\u2019utilisation du site par un utilisateur autoris\u00e9 et en vue de conserver un dossier sur les pages renfermant les donn\u00e9es de l\u2019utilisateur autoris\u00e9 et \u00e0 aucune autre fin. La r\u00e9tro-ing\u00e9nierie de tout logiciel faisant partie du site ou son contenu est strictement interdit. Les marques de commerce, les logos et les marques de services affich\u00e9s sur ce site Web sont des marques de commerce d\u00e9pos\u00e9es appartenant \u00e0 SANEXEN. Le nom des produits et services mentionn\u00e9s sur le pr\u00e9sent site et dans son contenu, qu\u2019il apparaisse ou non en gros caract\u00e8res ou soit assorti du symbole de marque de commerce, constitue des marques de commerce d\u00e9pos\u00e9es appartenant \u00e0 SANEXEN ou des marques de commerce d\u00e9pos\u00e9es ou non d\u2019entit\u00e9s li\u00e9es \u00e0 SANEXEN, de ses conc\u00e9dants de licence ou coentrepreneurs et sont utilis\u00e9es sous licence. L\u2019utilisation du pr\u00e9sent site et de son contenu, autrement qu\u2019autoris\u00e9e par les pr\u00e9sentes, est express\u00e9ment interdite et pourrait constituer une violation du droit d\u2019auteur, du droit des marques de commerce, du droit criminel, de m\u00eame que la l\u00e9gislation et la r\u00e9glementation ayant trait \u00e0 la protection des bases de donn\u00e9es, la protection des renseignements personnels et les communications.<\/p>\n\n\n\n<ul class=\"wp-block-list\">\n<li><strong>Modalit\u00e9s suppl\u00e9mentaires \u00e0 l\u2019\u00e9gard des Hyperliens<\/strong><\/li>\n<\/ul>\n\n\n\n<p>Le pr\u00e9sent site Web contient des liens vers d\u2019autres sites ou ressources Web. Comme SANEXEN n\u2019a aucun contr\u00f4le sur de tels sites ou ressources, vous reconnaissez et admettez que SANEXEN, ses filiales et compagnies reli\u00e9es, ne sont pas responsables de la disponibilit\u00e9 de tels sites ou ressources externes, n\u2019endossent pas et ne sont pas responsables de leur contenu, ni de la publicit\u00e9, des produits, des services ou de tout autre item se trouvant ou \u00e9tant disponible par le biais de tels sites ou ressources. Vous reconnaissez et admettez \u00e9galement que SANEXEN, ses filiales et compagnies reli\u00e9es ne pourront \u00eatre tenues responsables, directement ou indirectement, de tout dommage ou perte caus\u00e9 ou pr\u00e9tendument caus\u00e9 par l\u2019utilisation ou par le fait de se fier au contenu de ces sites, \u00e0 la publicit\u00e9, aux produits, aux services ou autres items qui sont disponibles sur ou \u00e0 travers de tels sites ou ressources.<\/p>\n\n\n\n<p><strong>Le fait d\u2019acc\u00e9der au site Web ou de l\u2019utiliser constitue votre acceptation des modalit\u00e9s d\u2019utilisation pr\u00e9cit\u00e9es.<\/strong><\/p>\n","protected":false},"excerpt":{"rendered":"<p>Conditions d\u2019utilisation Ce site Web, les produits et services qu\u2019il pr\u00e9sente et son contenu (le \u00absite Web\u00bb) sont fournis \u00abtels quels\u00bb et \u00abselon la disponibilit\u00e9\u00bb sans qu\u2019aucune d\u00e9claration ne soit faite ni aucune garantie ne soit donn\u00e9e, de quelque nature, et les renseignements qu\u2019il renferme ont pour seul but de vous donner de l\u2019information sur [&hellip;]<\/p>\n","protected":false},"author":7,"featured_media":0,"parent":0,"menu_order":0,"comment_status":"closed","ping_status":"closed","template":"","meta":{"_et_pb_use_builder":"off","_et_pb_old_content":"","_et_gb_content_width":"1080","footnotes":""},"class_list":["post-793","page","type-page","status-publish","hentry"],"yoast_head":"<!-- This site is optimized with the Yoast SEO plugin v27.2 - https:\/\/yoast.com\/product\/yoast-seo-wordpress\/ -->\n<title>Avis L\u00e9gal | SANEXEN<\/title>\n<meta name=\"robots\" content=\"index, follow, max-snippet:-1, max-image-preview:large, max-video-preview:-1\" \/>\n<link rel=\"canonical\" href=\"https:\/\/sanexen.com\/fr\/avis-legal\/\" \/>\n<meta property=\"og:locale\" content=\"fr_FR\" \/>\n<meta property=\"og:type\" content=\"article\" \/>\n<meta property=\"og:title\" content=\"Avis L\u00e9gal | SANEXEN\" \/>\n<meta property=\"og:description\" content=\"Conditions d\u2019utilisation Ce site Web, les produits et services qu\u2019il pr\u00e9sente et son contenu (le \u00absite Web\u00bb) sont fournis \u00abtels quels\u00bb et \u00abselon la disponibilit\u00e9\u00bb sans qu\u2019aucune d\u00e9claration ne soit faite ni aucune garantie ne soit donn\u00e9e, de quelque nature, et les renseignements qu\u2019il renferme ont pour seul but de vous donner de l\u2019information sur [&hellip;]\" \/>\n<meta property=\"og:url\" content=\"https:\/\/sanexen.com\/fr\/avis-legal\/\" \/>\n<meta property=\"og:site_name\" content=\"SANEXEN\" \/>\n<meta property=\"article:publisher\" content=\"https:\/\/www.facebook.com\/sanexen.env\/\" \/>\n<meta property=\"article:modified_time\" content=\"2025-09-30T20:22:47+00:00\" \/>\n<meta property=\"og:image\" content=\"https:\/\/sanexen.com\/wp-content\/uploads\/2025\/11\/Site-default-image-for-post.png\" \/>\n\t<meta property=\"og:image:width\" content=\"1200\" \/>\n\t<meta property=\"og:image:height\" content=\"675\" \/>\n\t<meta property=\"og:image:type\" content=\"image\/png\" \/>\n<meta name=\"twitter:card\" content=\"summary_large_image\" \/>\n<meta name=\"twitter:site\" content=\"@sanexen_env\" \/>\n<meta name=\"twitter:label1\" content=\"Dur\u00e9e de lecture estim\u00e9e\" \/>\n\t<meta name=\"twitter:data1\" content=\"7 minutes\" \/>\n<script type=\"application\/ld+json\" class=\"yoast-schema-graph\">{\"@context\":\"https:\/\/schema.org\",\"@graph\":[{\"@type\":\"WebPage\",\"@id\":\"https:\/\/sanexen.com\/fr\/avis-legal\/\",\"url\":\"https:\/\/sanexen.com\/fr\/avis-legal\/\",\"name\":\"Avis L\u00e9gal | SANEXEN\",\"isPartOf\":{\"@id\":\"https:\/\/www.amprocessgroup.com\/#website\"},\"datePublished\":\"2023-02-20T18:10:16+00:00\",\"dateModified\":\"2025-09-30T20:22:47+00:00\",\"breadcrumb\":{\"@id\":\"https:\/\/sanexen.com\/fr\/avis-legal\/#breadcrumb\"},\"inLanguage\":\"fr-FR\",\"potentialAction\":[{\"@type\":\"ReadAction\",\"target\":[\"https:\/\/sanexen.com\/fr\/avis-legal\/\"]}]},{\"@type\":\"BreadcrumbList\",\"@id\":\"https:\/\/sanexen.com\/fr\/avis-legal\/#breadcrumb\",\"itemListElement\":[{\"@type\":\"ListItem\",\"position\":1,\"name\":\"Home\",\"item\":\"https:\/\/www.amprocessgroup.com\/fr\/\"},{\"@type\":\"ListItem\",\"position\":2,\"name\":\"Avis L\u00e9gal\"}]},{\"@type\":\"WebSite\",\"@id\":\"https:\/\/www.amprocessgroup.com\/#website\",\"url\":\"https:\/\/www.amprocessgroup.com\/\",\"name\":\"SANEXEN\",\"description\":\"Field-Driven Innovation in Environmental and Water Services\u2014Advancing a More Sustainable Future\",\"publisher\":{\"@id\":\"https:\/\/www.amprocessgroup.com\/#organization\"},\"alternateName\":\"Sanexen Services environnementaux\",\"potentialAction\":[{\"@type\":\"SearchAction\",\"target\":{\"@type\":\"EntryPoint\",\"urlTemplate\":\"https:\/\/www.amprocessgroup.com\/?s={search_term_string}\"},\"query-input\":{\"@type\":\"PropertyValueSpecification\",\"valueRequired\":true,\"valueName\":\"search_term_string\"}}],\"inLanguage\":\"fr-FR\"},{\"@type\":\"Organization\",\"@id\":\"https:\/\/www.amprocessgroup.com\/#organization\",\"name\":\"SANEXEN\",\"alternateName\":\"Sanexen Services environnementaux\",\"url\":\"https:\/\/www.amprocessgroup.com\/\",\"logo\":{\"@type\":\"ImageObject\",\"inLanguage\":\"fr-FR\",\"@id\":\"https:\/\/www.amprocessgroup.com\/#\/schema\/logo\/image\/\",\"url\":\"https:\/\/sanexen.com\/wp-content\/uploads\/2025\/11\/SNX-logo-696X696.png\",\"contentUrl\":\"https:\/\/sanexen.com\/wp-content\/uploads\/2025\/11\/SNX-logo-696X696.png\",\"width\":696,\"height\":696,\"caption\":\"SANEXEN\"},\"image\":{\"@id\":\"https:\/\/www.amprocessgroup.com\/#\/schema\/logo\/image\/\"},\"sameAs\":[\"https:\/\/www.facebook.com\/sanexen.env\/\",\"https:\/\/x.com\/sanexen_env\",\"https:\/\/www.linkedin.com\/company\/sanexen-env\",\"https:\/\/www.youtube.com\/@sanexen-env\"]}]}<\/script>\n<!-- \/ Yoast SEO plugin. -->","yoast_head_json":{"title":"Avis L\u00e9gal | SANEXEN","robots":{"index":"index","follow":"follow","max-snippet":"max-snippet:-1","max-image-preview":"max-image-preview:large","max-video-preview":"max-video-preview:-1"},"canonical":"https:\/\/sanexen.com\/fr\/avis-legal\/","og_locale":"fr_FR","og_type":"article","og_title":"Avis L\u00e9gal | SANEXEN","og_description":"Conditions d\u2019utilisation Ce site Web, les produits et services qu\u2019il pr\u00e9sente et son contenu (le \u00absite Web\u00bb) sont fournis \u00abtels quels\u00bb et \u00abselon la disponibilit\u00e9\u00bb sans qu\u2019aucune d\u00e9claration ne soit faite ni aucune garantie ne soit donn\u00e9e, de quelque nature, et les renseignements qu\u2019il renferme ont pour seul but de vous donner de l\u2019information sur [&hellip;]","og_url":"https:\/\/sanexen.com\/fr\/avis-legal\/","og_site_name":"SANEXEN","article_publisher":"https:\/\/www.facebook.com\/sanexen.env\/","article_modified_time":"2025-09-30T20:22:47+00:00","og_image":[{"width":1200,"height":675,"url":"https:\/\/sanexen.com\/wp-content\/uploads\/2025\/11\/Site-default-image-for-post.png","type":"image\/png"}],"twitter_card":"summary_large_image","twitter_site":"@sanexen_env","twitter_misc":{"Dur\u00e9e de lecture estim\u00e9e":"7 minutes"},"schema":{"@context":"https:\/\/schema.org","@graph":[{"@type":"WebPage","@id":"https:\/\/sanexen.com\/fr\/avis-legal\/","url":"https:\/\/sanexen.com\/fr\/avis-legal\/","name":"Avis L\u00e9gal | SANEXEN","isPartOf":{"@id":"https:\/\/www.amprocessgroup.com\/#website"},"datePublished":"2023-02-20T18:10:16+00:00","dateModified":"2025-09-30T20:22:47+00:00","breadcrumb":{"@id":"https:\/\/sanexen.com\/fr\/avis-legal\/#breadcrumb"},"inLanguage":"fr-FR","potentialAction":[{"@type":"ReadAction","target":["https:\/\/sanexen.com\/fr\/avis-legal\/"]}]},{"@type":"BreadcrumbList","@id":"https:\/\/sanexen.com\/fr\/avis-legal\/#breadcrumb","itemListElement":[{"@type":"ListItem","position":1,"name":"Home","item":"https:\/\/www.amprocessgroup.com\/fr\/"},{"@type":"ListItem","position":2,"name":"Avis L\u00e9gal"}]},{"@type":"WebSite","@id":"https:\/\/www.amprocessgroup.com\/#website","url":"https:\/\/www.amprocessgroup.com\/","name":"SANEXEN","description":"Field-Driven Innovation in Environmental and Water Services\u2014Advancing a More Sustainable Future","publisher":{"@id":"https:\/\/www.amprocessgroup.com\/#organization"},"alternateName":"Sanexen Services environnementaux","potentialAction":[{"@type":"SearchAction","target":{"@type":"EntryPoint","urlTemplate":"https:\/\/www.amprocessgroup.com\/?s={search_term_string}"},"query-input":{"@type":"PropertyValueSpecification","valueRequired":true,"valueName":"search_term_string"}}],"inLanguage":"fr-FR"},{"@type":"Organization","@id":"https:\/\/www.amprocessgroup.com\/#organization","name":"SANEXEN","alternateName":"Sanexen Services environnementaux","url":"https:\/\/www.amprocessgroup.com\/","logo":{"@type":"ImageObject","inLanguage":"fr-FR","@id":"https:\/\/www.amprocessgroup.com\/#\/schema\/logo\/image\/","url":"https:\/\/sanexen.com\/wp-content\/uploads\/2025\/11\/SNX-logo-696X696.png","contentUrl":"https:\/\/sanexen.com\/wp-content\/uploads\/2025\/11\/SNX-logo-696X696.png","width":696,"height":696,"caption":"SANEXEN"},"image":{"@id":"https:\/\/www.amprocessgroup.com\/#\/schema\/logo\/image\/"},"sameAs":["https:\/\/www.facebook.com\/sanexen.env\/","https:\/\/x.com\/sanexen_env","https:\/\/www.linkedin.com\/company\/sanexen-env","https:\/\/www.youtube.com\/@sanexen-env"]}]}},"_links":{"self":[{"href":"https:\/\/sanexen.com\/fr\/wp-json\/wp\/v2\/pages\/793","targetHints":{"allow":["GET"]}}],"collection":[{"href":"https:\/\/sanexen.com\/fr\/wp-json\/wp\/v2\/pages"}],"about":[{"href":"https:\/\/sanexen.com\/fr\/wp-json\/wp\/v2\/types\/page"}],"author":[{"embeddable":true,"href":"https:\/\/sanexen.com\/fr\/wp-json\/wp\/v2\/users\/7"}],"replies":[{"embeddable":true,"href":"https:\/\/sanexen.com\/fr\/wp-json\/wp\/v2\/comments?post=793"}],"version-history":[{"count":2,"href":"https:\/\/sanexen.com\/fr\/wp-json\/wp\/v2\/pages\/793\/revisions"}],"predecessor-version":[{"id":13134,"href":"https:\/\/sanexen.com\/fr\/wp-json\/wp\/v2\/pages\/793\/revisions\/13134"}],"wp:attachment":[{"href":"https:\/\/sanexen.com\/fr\/wp-json\/wp\/v2\/media?parent=793"}],"curies":[{"name":"wp","href":"https:\/\/api.w.org\/{rel}","templated":true}]}}