{"id":1877,"date":"2023-01-26T15:55:32","date_gmt":"2023-01-26T20:55:32","guid":{"rendered":"http:\/\/3.96.229.193\/privacy-policy\/"},"modified":"2026-03-19T13:15:00","modified_gmt":"2026-03-19T17:15:00","slug":"confidentialite","status":"publish","type":"page","link":"https:\/\/sanexen.com\/fr\/confidentialite\/","title":{"rendered":"Politique sur la protection des renseignements personnels"},"content":{"rendered":"\n<p>La personne responsable de la protection des Renseignements personnels chez SANEXEN est&nbsp;Mari\u00e8ve S\u00e9vigny,&nbsp;Directrice principale des ressources humaines&nbsp;et elle peut \u00eatre rejointe a:&nbsp;&nbsp;<\/p>\n\n\n\n<p>SANEXEN<br>9935 de Ch\u00e2teauneuf<br>Entr\u00e9e 1, bureau 200<br>Brossard (Qu\u00e9bec) J4Z 3V4<br>Courriel:&nbsp;<a href=\"mailto:confidentiel@sanexen.com\">confidentiel@sanexen.com<\/a><br>T\u00e9l\u00e9phone: (450) 446-2123<\/p>\n\n\n\n<p><\/p>\n\n\n\n<div class=\"wp-block-buttons is-layout-flex wp-block-buttons-is-layout-flex\">\n<div class=\"wp-block-button\"><a class=\"wp-block-button__link wp-element-button\" href=\"https:\/\/sanexen.com\/wp-content\/uploads\/2025\/06\/Politique-de-confidentialite\u0301.pdf\" style=\"border-radius:0px\" target=\"_blank\" rel=\"noreferrer noopener\">VOIR NOTRE POLITIQUE DE CONFIDENTIALIT\u00c9<\/a><\/div>\n<\/div>\n\n\n\n<p class=\"has-medium-font-size\"><strong>LIGNE CONFIDENTIELLE<\/strong><\/p>\n\n\n\n<p>Ce service est ouvert \u00e0 tous les employ\u00e9s, fournisseurs, clients et autres parties prenantes de la Soci\u00e9t\u00e9.<\/p>\n\n\n\n<div class=\"wp-block-buttons is-layout-flex wp-block-buttons-is-layout-flex\">\n<div class=\"wp-block-button\"><a class=\"wp-block-button__link wp-element-button\" href=\"https:\/\/sanexen.confidenceline.com\/French\/Sanexen\" style=\"border-radius:0px\" target=\"_blank\" rel=\"noreferrer noopener\">EN SAVOIR PLUS<\/a><\/div>\n<\/div>\n","protected":false},"excerpt":{"rendered":"<p>La personne responsable de la protection des Renseignements personnels chez SANEXEN est&nbsp;Mari\u00e8ve S\u00e9vigny,&nbsp;Directrice principale des ressources humaines&nbsp;et elle peut \u00eatre rejointe a:&nbsp;&nbsp; SANEXEN9935 de Ch\u00e2teauneufEntr\u00e9e 1, bureau 200Brossard (Qu\u00e9bec) J4Z 3V4Courriel:&nbsp;confidentiel@sanexen.comT\u00e9l\u00e9phone: (450) 446-2123 LIGNE CONFIDENTIELLE Ce service est ouvert \u00e0 tous les employ\u00e9s, fournisseurs, clients et autres parties prenantes de la Soci\u00e9t\u00e9.<\/p>\n","protected":false},"author":7,"featured_media":0,"parent":0,"menu_order":0,"comment_status":"closed","ping_status":"open","template":"","meta":{"_et_pb_use_builder":"off","_et_pb_old_content":"","_et_gb_content_width":"","footnotes":""},"class_list":["post-1877","page","type-page","status-publish","hentry"],"yoast_head":"<!-- This site is optimized with the Yoast SEO plugin v27.2 - https:\/\/yoast.com\/product\/yoast-seo-wordpress\/ -->\n<title>Politique sur la protection des renseignements personnels | SANEXEN<\/title>\n<meta name=\"robots\" content=\"index, follow, max-snippet:-1, max-image-preview:large, max-video-preview:-1\" \/>\n<link rel=\"canonical\" href=\"https:\/\/sanexen.com\/fr\/confidentialite\/\" \/>\n<meta property=\"og:locale\" content=\"fr_FR\" \/>\n<meta property=\"og:type\" content=\"article\" \/>\n<meta property=\"og:title\" content=\"Politique sur la protection des renseignements personnels | SANEXEN\" \/>\n<meta property=\"og:description\" content=\"La personne responsable de la protection des Renseignements personnels chez SANEXEN est&nbsp;Mari\u00e8ve S\u00e9vigny,&nbsp;Directrice principale des ressources humaines&nbsp;et elle peut \u00eatre rejointe a:&nbsp;&nbsp; SANEXEN9935 de Ch\u00e2teauneufEntr\u00e9e 1, bureau 200Brossard (Qu\u00e9bec) J4Z 3V4Courriel:&nbsp;confidentiel@sanexen.comT\u00e9l\u00e9phone: (450) 446-2123 LIGNE CONFIDENTIELLE Ce service est ouvert \u00e0 tous les employ\u00e9s, fournisseurs, clients et autres parties prenantes de la Soci\u00e9t\u00e9.\" \/>\n<meta property=\"og:url\" content=\"https:\/\/sanexen.com\/fr\/confidentialite\/\" \/>\n<meta property=\"og:site_name\" content=\"SANEXEN\" \/>\n<meta property=\"article:publisher\" content=\"https:\/\/www.facebook.com\/sanexen.env\/\" \/>\n<meta property=\"article:modified_time\" content=\"2026-03-19T17:15:00+00:00\" \/>\n<meta property=\"og:image\" content=\"https:\/\/sanexen.com\/wp-content\/uploads\/2025\/11\/Site-default-image-for-post.png\" \/>\n\t<meta property=\"og:image:width\" content=\"1200\" \/>\n\t<meta property=\"og:image:height\" content=\"675\" \/>\n\t<meta property=\"og:image:type\" content=\"image\/png\" \/>\n<meta name=\"twitter:card\" content=\"summary_large_image\" \/>\n<meta name=\"twitter:site\" content=\"@sanexen_env\" \/>\n<meta name=\"twitter:label1\" content=\"Dur\u00e9e de lecture estim\u00e9e\" \/>\n\t<meta name=\"twitter:data1\" content=\"1 minute\" \/>\n<script type=\"application\/ld+json\" class=\"yoast-schema-graph\">{\"@context\":\"https:\/\/schema.org\",\"@graph\":[{\"@type\":\"WebPage\",\"@id\":\"https:\/\/sanexen.com\/fr\/confidentialite\/\",\"url\":\"https:\/\/sanexen.com\/fr\/confidentialite\/\",\"name\":\"Politique sur la protection des renseignements personnels | SANEXEN\",\"isPartOf\":{\"@id\":\"https:\/\/www.amprocessgroup.com\/#website\"},\"datePublished\":\"2023-01-26T20:55:32+00:00\",\"dateModified\":\"2026-03-19T17:15:00+00:00\",\"breadcrumb\":{\"@id\":\"https:\/\/sanexen.com\/fr\/confidentialite\/#breadcrumb\"},\"inLanguage\":\"fr-FR\",\"potentialAction\":[{\"@type\":\"ReadAction\",\"target\":[\"https:\/\/sanexen.com\/fr\/confidentialite\/\"]}]},{\"@type\":\"BreadcrumbList\",\"@id\":\"https:\/\/sanexen.com\/fr\/confidentialite\/#breadcrumb\",\"itemListElement\":[{\"@type\":\"ListItem\",\"position\":1,\"name\":\"Home\",\"item\":\"https:\/\/www.amprocessgroup.com\/fr\/\"},{\"@type\":\"ListItem\",\"position\":2,\"name\":\"Politique sur la protection des renseignements personnels\"}]},{\"@type\":\"WebSite\",\"@id\":\"https:\/\/www.amprocessgroup.com\/#website\",\"url\":\"https:\/\/www.amprocessgroup.com\/\",\"name\":\"SANEXEN\",\"description\":\"Field-Driven Innovation in Environmental and Water Services\u2014Advancing a More Sustainable Future\",\"publisher\":{\"@id\":\"https:\/\/www.amprocessgroup.com\/#organization\"},\"alternateName\":\"Sanexen Services environnementaux\",\"potentialAction\":[{\"@type\":\"SearchAction\",\"target\":{\"@type\":\"EntryPoint\",\"urlTemplate\":\"https:\/\/www.amprocessgroup.com\/?s={search_term_string}\"},\"query-input\":{\"@type\":\"PropertyValueSpecification\",\"valueRequired\":true,\"valueName\":\"search_term_string\"}}],\"inLanguage\":\"fr-FR\"},{\"@type\":\"Organization\",\"@id\":\"https:\/\/www.amprocessgroup.com\/#organization\",\"name\":\"SANEXEN\",\"alternateName\":\"Sanexen Services environnementaux\",\"url\":\"https:\/\/www.amprocessgroup.com\/\",\"logo\":{\"@type\":\"ImageObject\",\"inLanguage\":\"fr-FR\",\"@id\":\"https:\/\/www.amprocessgroup.com\/#\/schema\/logo\/image\/\",\"url\":\"https:\/\/sanexen.com\/wp-content\/uploads\/2025\/11\/SNX-logo-696X696.png\",\"contentUrl\":\"https:\/\/sanexen.com\/wp-content\/uploads\/2025\/11\/SNX-logo-696X696.png\",\"width\":696,\"height\":696,\"caption\":\"SANEXEN\"},\"image\":{\"@id\":\"https:\/\/www.amprocessgroup.com\/#\/schema\/logo\/image\/\"},\"sameAs\":[\"https:\/\/www.facebook.com\/sanexen.env\/\",\"https:\/\/x.com\/sanexen_env\",\"https:\/\/www.linkedin.com\/company\/sanexen-env\",\"https:\/\/www.youtube.com\/@sanexen-env\"]}]}<\/script>\n<!-- \/ Yoast SEO plugin. -->","yoast_head_json":{"title":"Politique sur la protection des renseignements personnels | SANEXEN","robots":{"index":"index","follow":"follow","max-snippet":"max-snippet:-1","max-image-preview":"max-image-preview:large","max-video-preview":"max-video-preview:-1"},"canonical":"https:\/\/sanexen.com\/fr\/confidentialite\/","og_locale":"fr_FR","og_type":"article","og_title":"Politique sur la protection des renseignements personnels | SANEXEN","og_description":"La personne responsable de la protection des Renseignements personnels chez SANEXEN est&nbsp;Mari\u00e8ve S\u00e9vigny,&nbsp;Directrice principale des ressources humaines&nbsp;et elle peut \u00eatre rejointe a:&nbsp;&nbsp; SANEXEN9935 de Ch\u00e2teauneufEntr\u00e9e 1, bureau 200Brossard (Qu\u00e9bec) J4Z 3V4Courriel:&nbsp;confidentiel@sanexen.comT\u00e9l\u00e9phone: (450) 446-2123 LIGNE CONFIDENTIELLE Ce service est ouvert \u00e0 tous les employ\u00e9s, fournisseurs, clients et autres parties prenantes de la Soci\u00e9t\u00e9.","og_url":"https:\/\/sanexen.com\/fr\/confidentialite\/","og_site_name":"SANEXEN","article_publisher":"https:\/\/www.facebook.com\/sanexen.env\/","article_modified_time":"2026-03-19T17:15:00+00:00","og_image":[{"width":1200,"height":675,"url":"https:\/\/sanexen.com\/wp-content\/uploads\/2025\/11\/Site-default-image-for-post.png","type":"image\/png"}],"twitter_card":"summary_large_image","twitter_site":"@sanexen_env","twitter_misc":{"Dur\u00e9e de lecture estim\u00e9e":"1 minute"},"schema":{"@context":"https:\/\/schema.org","@graph":[{"@type":"WebPage","@id":"https:\/\/sanexen.com\/fr\/confidentialite\/","url":"https:\/\/sanexen.com\/fr\/confidentialite\/","name":"Politique sur la protection des renseignements personnels | SANEXEN","isPartOf":{"@id":"https:\/\/www.amprocessgroup.com\/#website"},"datePublished":"2023-01-26T20:55:32+00:00","dateModified":"2026-03-19T17:15:00+00:00","breadcrumb":{"@id":"https:\/\/sanexen.com\/fr\/confidentialite\/#breadcrumb"},"inLanguage":"fr-FR","potentialAction":[{"@type":"ReadAction","target":["https:\/\/sanexen.com\/fr\/confidentialite\/"]}]},{"@type":"BreadcrumbList","@id":"https:\/\/sanexen.com\/fr\/confidentialite\/#breadcrumb","itemListElement":[{"@type":"ListItem","position":1,"name":"Home","item":"https:\/\/www.amprocessgroup.com\/fr\/"},{"@type":"ListItem","position":2,"name":"Politique sur la protection des renseignements personnels"}]},{"@type":"WebSite","@id":"https:\/\/www.amprocessgroup.com\/#website","url":"https:\/\/www.amprocessgroup.com\/","name":"SANEXEN","description":"Field-Driven Innovation in Environmental and Water Services\u2014Advancing a More Sustainable Future","publisher":{"@id":"https:\/\/www.amprocessgroup.com\/#organization"},"alternateName":"Sanexen Services environnementaux","potentialAction":[{"@type":"SearchAction","target":{"@type":"EntryPoint","urlTemplate":"https:\/\/www.amprocessgroup.com\/?s={search_term_string}"},"query-input":{"@type":"PropertyValueSpecification","valueRequired":true,"valueName":"search_term_string"}}],"inLanguage":"fr-FR"},{"@type":"Organization","@id":"https:\/\/www.amprocessgroup.com\/#organization","name":"SANEXEN","alternateName":"Sanexen Services environnementaux","url":"https:\/\/www.amprocessgroup.com\/","logo":{"@type":"ImageObject","inLanguage":"fr-FR","@id":"https:\/\/www.amprocessgroup.com\/#\/schema\/logo\/image\/","url":"https:\/\/sanexen.com\/wp-content\/uploads\/2025\/11\/SNX-logo-696X696.png","contentUrl":"https:\/\/sanexen.com\/wp-content\/uploads\/2025\/11\/SNX-logo-696X696.png","width":696,"height":696,"caption":"SANEXEN"},"image":{"@id":"https:\/\/www.amprocessgroup.com\/#\/schema\/logo\/image\/"},"sameAs":["https:\/\/www.facebook.com\/sanexen.env\/","https:\/\/x.com\/sanexen_env","https:\/\/www.linkedin.com\/company\/sanexen-env","https:\/\/www.youtube.com\/@sanexen-env"]}]}},"_links":{"self":[{"href":"https:\/\/sanexen.com\/fr\/wp-json\/wp\/v2\/pages\/1877","targetHints":{"allow":["GET"]}}],"collection":[{"href":"https:\/\/sanexen.com\/fr\/wp-json\/wp\/v2\/pages"}],"about":[{"href":"https:\/\/sanexen.com\/fr\/wp-json\/wp\/v2\/types\/page"}],"author":[{"embeddable":true,"href":"https:\/\/sanexen.com\/fr\/wp-json\/wp\/v2\/users\/7"}],"replies":[{"embeddable":true,"href":"https:\/\/sanexen.com\/fr\/wp-json\/wp\/v2\/comments?post=1877"}],"version-history":[{"count":4,"href":"https:\/\/sanexen.com\/fr\/wp-json\/wp\/v2\/pages\/1877\/revisions"}],"predecessor-version":[{"id":16915,"href":"https:\/\/sanexen.com\/fr\/wp-json\/wp\/v2\/pages\/1877\/revisions\/16915"}],"wp:attachment":[{"href":"https:\/\/sanexen.com\/fr\/wp-json\/wp\/v2\/media?parent=1877"}],"curies":[{"name":"wp","href":"https:\/\/api.w.org\/{rel}","templated":true}]}}