{"id":1491,"date":"2023-02-06T09:57:02","date_gmt":"2023-02-06T14:57:02","guid":{"rendered":"http:\/\/3.96.229.193\/news\/"},"modified":"2026-03-10T10:38:53","modified_gmt":"2026-03-10T14:38:53","slug":"nouvelles","status":"publish","type":"page","link":"https:\/\/sanexen.com\/fr\/nouvelles\/","title":{"rendered":"Nouvelles"},"content":{"rendered":"<p>[et_pb_section fb_built=\u00a0\u00bb1&Prime; custom_padding_last_edited=\u00a0\u00bboff|desktop\u00a0\u00bb module_id=\u00a0\u00bbtop-banner\u00a0\u00bb _builder_version=\u00a0\u00bb4.27.6&Prime; _module_preset=\u00a0\u00bbdefault\u00a0\u00bb use_background_color_gradient=\u00a0\u00bbon\u00a0\u00bb background_color_gradient_direction=\u00a0\u00bb89deg\u00a0\u00bb background_color_gradient_stops=\u00a0\u00bb#205673 2%|rgba(255,255,255,0) 50%\u00a0\u00bb background_color_gradient_overlays_image=\u00a0\u00bbon\u00a0\u00bb background_image=\u00a0\u00bbhttps:\/\/sanexen.com\/wp-content\/uploads\/2026\/03\/News-web-banner2_2026.jpg\u00a0\u00bb custom_padding=\u00a0\u00bb0px||0px||false|false\u00a0\u00bb custom_padding_tablet=\u00a0\u00bb160px||160px||true|false\u00a0\u00bb custom_padding_phone=\u00a0\u00bb160px||160px||true|false\u00a0\u00bb hover_enabled=\u00a0\u00bb0&Prime; background_last_edited=\u00a0\u00bbon|desktop\u00a0\u00bb use_background_color_gradient_tablet=\u00a0\u00bbon\u00a0\u00bb use_background_color_gradient_phone=\u00a0\u00bbon\u00a0\u00bb background_color_gradient_stops_tablet=\u00a0\u00bb#205673 2%|rgba(255,255,255,0) 70%\u00a0\u00bb background_color_gradient_stops_phone=\u00a0\u00bb#205673 2%|rgba(255,255,255,0) 90%\u00a0\u00bb locked=\u00a0\u00bboff\u00a0\u00bb global_colors_info=\u00a0\u00bb{}\u00a0\u00bb title_text=\u00a0\u00bbNews-web-banner2_2026&Prime; sticky_enabled=\u00a0\u00bb0&Prime;][et_pb_row module_class=\u00a0\u00bbbannerrow-text\u00a0\u00bb _builder_version=\u00a0\u00bb4.19.5&Prime; _module_preset=\u00a0\u00bbdefault\u00a0\u00bb width=\u00a0\u00bb100%\u00a0\u00bb max_width=\u00a0\u00bbnone\u00a0\u00bb module_alignment=\u00a0\u00bbleft\u00a0\u00bb custom_padding=\u00a0\u00bb0px|7vw|0px|7vw|true|true\u00a0\u00bb global_colors_info=\u00a0\u00bb{}\u00a0\u00bb][et_pb_column type=\u00a0\u00bb4_4&Prime; _builder_version=\u00a0\u00bb4.19.5&Prime; _module_preset=\u00a0\u00bbdefault\u00a0\u00bb global_colors_info=\u00a0\u00bb{}\u00a0\u00bb][et_pb_text _builder_version=\u00a0\u00bb4.19.5&Prime; _module_preset=\u00a0\u00bbdefault\u00a0\u00bb header_text_color=\u00a0\u00bb#ffffff\u00a0\u00bb custom_margin=\u00a0\u00bb||0px||false|false\u00a0\u00bb custom_padding=\u00a0\u00bb||25px||false|false\u00a0\u00bb custom_css_main_element=\u00a0\u00bbmin-width: 450px !important;\u00a0\u00bb global_colors_info=\u00a0\u00bb{}\u00a0\u00bb custom_css_main_element_last_edited=\u00a0\u00bbon|phone\u00a0\u00bb custom_css_main_element_tablet=\u00a0\u00bb \u00a0\u00bb custom_css_main_element_phone=\u00a0\u00bb \u00ab\u00a0]<\/p>\n<h1>NOUVELLES <\/h1>\n<p>[\/et_pb_text][et_pb_text module_class=\u00a0\u00bbtopbanner-p white-text\u00a0\u00bb _builder_version=\u00a0\u00bb4.19.5&Prime; _module_preset=\u00a0\u00bbdefault\u00a0\u00bb header_4_text_color=\u00a0\u00bb#ffffff\u00a0\u00bb header_4_font_size=\u00a0\u00bb25px\u00a0\u00bb custom_padding=\u00a0\u00bb||||false|false\u00a0\u00bb custom_css_main_element=\u00a0\u00bbmin-width: 450px !important;\u00a0\u00bb global_colors_info=\u00a0\u00bb{}\u00a0\u00bb custom_css_main_element_last_edited=\u00a0\u00bbon|phone\u00a0\u00bb custom_css_main_element_tablet=\u00a0\u00bb \u00a0\u00bb custom_css_main_element_phone=\u00a0\u00bb \u00ab\u00a0]<\/p>\n<p>D\u00e9couvrez les derni\u00e8res nouvelles<\/p>\n<p>[\/et_pb_text][\/et_pb_column][\/et_pb_row][\/et_pb_section][et_pb_section fb_built=\u00a0\u00bb1&Prime; custom_padding_last_edited=\u00a0\u00bbon|phone\u00a0\u00bb disabled_on=\u00a0\u00bboff|off|off\u00a0\u00bb _builder_version=\u00a0\u00bb4.19.5&Prime; _module_preset=\u00a0\u00bbdefault\u00a0\u00bb custom_padding=\u00a0\u00bb77px||50px||false|false\u00a0\u00bb custom_padding_tablet=\u00a0\u00bb40px||20px||false|false\u00a0\u00bb custom_padding_phone=\u00a0\u00bb40px||20px||false|false\u00a0\u00bb global_colors_info=\u00a0\u00bb{}\u00a0\u00bb][et_pb_row column_structure=\u00a0\u00bb1_2,1_2&Prime; use_custom_gutter=\u00a0\u00bbon\u00a0\u00bb gutter_width=\u00a0\u00bb1&Prime; _builder_version=\u00a0\u00bb4.19.5&Prime; _module_preset=\u00a0\u00bbdefault\u00a0\u00bb width=\u00a0\u00bb86%\u00a0\u00bb max_width=\u00a0\u00bbnone\u00a0\u00bb custom_padding=\u00a0\u00bb0px||0px|||\u00a0\u00bb global_colors_info=\u00a0\u00bb{}\u00a0\u00bb][et_pb_column type=\u00a0\u00bb1_2&Prime; _builder_version=\u00a0\u00bb4.19.5&Prime; _module_preset=\u00a0\u00bbdefault\u00a0\u00bb custom_padding=\u00a0\u00bb|70px|||false|false\u00a0\u00bb custom_css_main_element=\u00a0\u00bbwidth: 33.6% !important;\u00a0\u00bb global_colors_info=\u00a0\u00bb{}\u00a0\u00bb custom_css_main_element_last_edited=\u00a0\u00bbon|phone\u00a0\u00bb custom_css_main_element_tablet=\u00a0\u00bb \u00a0\u00bb custom_css_main_element_phone=\u00a0\u00bb \u00ab\u00a0][sfdivi_search_filter_form search_form=\u00a0\u00bbsearch-filter-id-1498&Prime; module_id=\u00a0\u00bbsearch-filter\u00a0\u00bb _builder_version=\u00a0\u00bb4.19.5&Prime; _module_preset=\u00a0\u00bbdefault\u00a0\u00bb global_colors_info=\u00a0\u00bb{}\u00a0\u00bb][\/sfdivi_search_filter_form][\/et_pb_column][et_pb_column type=\u00a0\u00bb1_2&Prime; _builder_version=\u00a0\u00bb4.19.5&Prime; _module_preset=\u00a0\u00bbdefault\u00a0\u00bb custom_padding=\u00a0\u00bb|0px||0px|false|true\u00a0\u00bb custom_css_main_element=\u00a0\u00bbwidth: 66.4% !important;\u00a0\u00bb global_colors_info=\u00a0\u00bb{}\u00a0\u00bb custom_css_main_element_last_edited=\u00a0\u00bbon|phone\u00a0\u00bb custom_css_main_element_tablet=\u00a0\u00bb \u00a0\u00bb custom_css_main_element_phone=\u00a0\u00bb \u00ab\u00a0][et_pb_blog fullwidth=\u00a0\u00bboff\u00a0\u00bb use_manual_excerpt=\u00a0\u00bboff\u00a0\u00bb show_more=\u00a0\u00bbon\u00a0\u00bb show_author=\u00a0\u00bboff\u00a0\u00bb show_date=\u00a0\u00bboff\u00a0\u00bb show_categories=\u00a0\u00bboff\u00a0\u00bb show_excerpt=\u00a0\u00bboff\u00a0\u00bb module_id=\u00a0\u00bbnews-blog\u00a0\u00bb module_class=\u00a0\u00bb search-filter-results-578 et-blog-css-grid search-filter-results-1498 \u00a0\u00bb _builder_version=\u00a0\u00bb4.19.5&Prime; _module_preset=\u00a0\u00bbdefault\u00a0\u00bb custom_padding=\u00a0\u00bb||||false|false\u00a0\u00bb custom_padding_tablet=\u00a0\u00bb17px||||false|false\u00a0\u00bb custom_padding_phone=\u00a0\u00bb17px||||false|false\u00a0\u00bb custom_padding_last_edited=\u00a0\u00bbon|phone\u00a0\u00bb search_filter_link=\u00a0\u00bbyes\u00a0\u00bb search_filter_id=\u00a0\u00bbsearch-filter-id-1498&Prime; border_width_all=\u00a0\u00bb0px\u00a0\u00bb global_colors_info=\u00a0\u00bb{}\u00a0\u00bb][\/et_pb_blog][\/et_pb_column][\/et_pb_row][\/et_pb_section]<\/p>\n","protected":false},"excerpt":{"rendered":"<p>NOUVELLES D\u00e9couvrez les derni\u00e8res nouvelles<div id=\"search-filter\" class=\"et_pb_module sfdivi_search_filter_form sfdivi_search_filter_form_0\">\n\t\t\t\t\n\t\t\t\t\n\t\t\t\t\n\t\t\t\t\n\t\t\t\t\n\t\t\t\t\n\t\t\t\t<div class=\"et_pb_module_inner\">\n\t\t\t\t\t<form data-sf-form-id='1498' data-is-rtl='0' data-maintain-state='' data-results-url='https:\/\/sanexen.com\/fr\/nouvelles\/' data-ajax-url='https:\/\/sanexen.com\/fr\/nouvelles\/?sf_data=results' data-ajax-form-url='https:\/\/sanexen.com\/fr\/?sfid=1498&amp;sf_action=get_data&amp;sf_data=form' data-display-result-method='divi_post_module' data-use-history-api='1' data-template-loaded='0' data-lang-code='fr' data-ajax='1' data-ajax-data-type='html' data-ajax-links-selector='.pagination a' data-ajax-target='.search-filter-results-1498' data-ajax-pagination-type='normal' data-update-ajax-url='1' data-only-results-ajax='1' data-scroll-to-pos='0' data-init-paged='1' data-auto-update='1' action='https:\/\/sanexen.com\/fr\/nouvelles\/' method='post' class='searchandfilter' id='search-filter-form-1498' autocomplete='off' data-instance-count='1'><ul><li class=\"sf-field-category\" data-sf-field-name=\"_sft_category\" data-sf-field-type=\"category\" data-sf-field-input-type=\"checkbox\"><h4>CAT\u00c9GORIES<\/h4>\t\t<ul data-operator=\"and\" class=\"\">\n\t\t\t\n\t\t\t<li class=\"sf-level-0 sf-item-33\" data-sf-count=\"0\" data-sf-depth=\"0\"><input  class=\"sf-input-checkbox\" type=\"checkbox\" value=\"acquisitions-fr\" name=\"_sft_category[]\" id=\"sf-input-6be20e45f7755f4bed92ee0cb0bdc4f6\"><label class=\"sf-label-checkbox\" for=\"sf-input-6be20e45f7755f4bed92ee0cb0bdc4f6\">Acquisitions<\/label><\/li><li class=\"sf-level-0 sf-item-29\" data-sf-count=\"17\" data-sf-depth=\"0\"><input  class=\"sf-input-checkbox\" type=\"checkbox\" value=\"communiques\" name=\"_sft_category[]\" id=\"sf-input-6ea9328757c94f153754994172642a92\"><label class=\"sf-label-checkbox\" for=\"sf-input-6ea9328757c94f153754994172642a92\">Communiqu\u00e9s<\/label><\/li><li class=\"sf-level-0 sf-item-114\" data-sf-count=\"0\" data-sf-depth=\"0\"><input  class=\"sf-input-checkbox\" type=\"checkbox\" value=\"evenement\" name=\"_sft_category[]\" id=\"sf-input-4d4a4f0847b8d8077fa89f2714989016\"><label class=\"sf-label-checkbox\" for=\"sf-input-4d4a4f0847b8d8077fa89f2714989016\">\u00c9v\u00e9nements<\/label><\/li><li class=\"sf-level-0 sf-item-28\" data-sf-count=\"2\" data-sf-depth=\"0\"><input  class=\"sf-input-checkbox\" type=\"checkbox\" value=\"nouvelles-nominations\" name=\"_sft_category[]\" id=\"sf-input-512e48793613acf77afed116e2e054c9\"><label class=\"sf-label-checkbox\" for=\"sf-input-512e48793613acf77afed116e2e054c9\">Nouvelles nominations<\/label><\/li><li class=\"sf-level-0 sf-item-113\" data-sf-count=\"1\" data-sf-depth=\"0\"><input  class=\"sf-input-checkbox\" type=\"checkbox\" value=\"partenariat\" name=\"_sft_category[]\" id=\"sf-input-2edee94668214e75b6176aeaed7d5f3f\"><label class=\"sf-label-checkbox\" for=\"sf-input-2edee94668214e75b6176aeaed7d5f3f\">Partenariat<\/label><\/li><li class=\"sf-level-0 sf-item-30\" data-sf-count=\"10\" data-sf-depth=\"0\"><input  class=\"sf-input-checkbox\" type=\"checkbox\" value=\"prix-reconnaissances\" name=\"_sft_category[]\" id=\"sf-input-bfd825c65efdf119fbfe42c3a6ed45e0\"><label class=\"sf-label-checkbox\" for=\"sf-input-bfd825c65efdf119fbfe42c3a6ed45e0\">Prix et reconnaissances<\/label><\/li><li class=\"sf-level-0 sf-item-31\" data-sf-count=\"4\" data-sf-depth=\"0\"><input  class=\"sf-input-checkbox\" type=\"checkbox\" value=\"projets-gagnes\" name=\"_sft_category[]\" id=\"sf-input-cdc66bc63b1395fe6f8d6c59a7402f06\"><label class=\"sf-label-checkbox\" for=\"sf-input-cdc66bc63b1395fe6f8d6c59a7402f06\">Projets gagn\u00e9s<\/label><\/li>\t\t<\/ul>\n\t\t<\/li><li class=\"sf-field-search\" data-sf-field-name=\"search\" data-sf-field-type=\"search\" data-sf-field-input-type=\"\"><h4>RECHERCHE<\/h4>\t\t<label><input placeholder=\"\" name=\"_sf_search[]\" class=\"sf-input-text\" type=\"text\" value=\"\" title=\"\"><\/label>\t\t<\/li><\/ul><\/form>\n\t\t\t\t<\/div>\n\t\t\t<\/div><\/p>\n","protected":false},"author":7,"featured_media":0,"parent":0,"menu_order":0,"comment_status":"closed","ping_status":"closed","template":"","meta":{"_et_pb_use_builder":"on","_et_pb_old_content":"","_et_gb_content_width":"","footnotes":""},"class_list":["post-1491","page","type-page","status-publish","hentry"],"yoast_head":"<!-- This site is optimized with the Yoast SEO plugin v27.3 - https:\/\/yoast.com\/product\/yoast-seo-wordpress\/ -->\n<title>Nouvelles | SANEXEN<\/title>\n<meta name=\"description\" content=\"Restez inform\u00e9 des derni\u00e8res nouvelles de SANEXEN, y compris les annonces, reconnaissances de l&#039;entreprise et les projets innovants.\" \/>\n<meta name=\"robots\" content=\"index, follow, max-snippet:-1, max-image-preview:large, max-video-preview:-1\" \/>\n<link rel=\"canonical\" href=\"https:\/\/sanexen.com\/fr\/nouvelles\/\" \/>\n<meta property=\"og:locale\" content=\"fr_FR\" \/>\n<meta property=\"og:type\" content=\"article\" \/>\n<meta property=\"og:title\" content=\"Nouvelles - ALTRA\" \/>\n<meta property=\"og:description\" content=\"Restez inform\u00e9 des derni\u00e8res nouvelles et d\u00e9veloppements d&#039;ALTRA, y compris les annonces et prix de l&#039;entreprise et les projets innovants\" \/>\n<meta property=\"og:url\" content=\"https:\/\/sanexen.com\/fr\/nouvelles\/\" \/>\n<meta property=\"og:site_name\" content=\"SANEXEN\" \/>\n<meta property=\"article:publisher\" content=\"https:\/\/www.facebook.com\/sanexen.env\/\" \/>\n<meta property=\"article:modified_time\" content=\"2026-03-10T14:38:53+00:00\" \/>\n<meta property=\"og:image\" content=\"https:\/\/sanexen.com\/wp-content\/uploads\/2025\/06\/ALTRA_News-Cover_2025.jpg\" \/>\n\t<meta property=\"og:image:width\" content=\"800\" \/>\n\t<meta property=\"og:image:height\" content=\"500\" \/>\n\t<meta property=\"og:image:type\" content=\"image\/jpeg\" \/>\n<meta name=\"twitter:card\" content=\"summary_large_image\" \/>\n<meta name=\"twitter:title\" content=\"Nouvelles - ALTRA\" \/>\n<meta name=\"twitter:description\" content=\"Restez inform\u00e9 des derni\u00e8res nouvelles et d\u00e9veloppements d&#039;ALTRA, y compris les annonces et prix de l&#039;entreprise et les projets innovants\" \/>\n<meta name=\"twitter:image\" content=\"https:\/\/sanexen.com\/wp-content\/uploads\/2024\/08\/ALTRA_News-Cover.jpg\" \/>\n<meta name=\"twitter:site\" content=\"@sanexen_env\" \/>\n<meta name=\"twitter:label1\" content=\"Dur\u00e9e de lecture estim\u00e9e\" \/>\n\t<meta name=\"twitter:data1\" content=\"5 minutes\" \/>\n<script type=\"application\/ld+json\" class=\"yoast-schema-graph\">{\"@context\":\"https:\\\/\\\/schema.org\",\"@graph\":[{\"@type\":\"WebPage\",\"@id\":\"https:\\\/\\\/sanexen.com\\\/fr\\\/nouvelles\\\/\",\"url\":\"https:\\\/\\\/sanexen.com\\\/fr\\\/nouvelles\\\/\",\"name\":\"Nouvelles | SANEXEN\",\"isPartOf\":{\"@id\":\"https:\\\/\\\/sanexen.com\\\/fr\\\/#website\"},\"datePublished\":\"2023-02-06T14:57:02+00:00\",\"dateModified\":\"2026-03-10T14:38:53+00:00\",\"description\":\"Restez inform\u00e9 des derni\u00e8res nouvelles de SANEXEN, y compris les annonces, reconnaissances de l'entreprise et les projets innovants.\",\"breadcrumb\":{\"@id\":\"https:\\\/\\\/sanexen.com\\\/fr\\\/nouvelles\\\/#breadcrumb\"},\"inLanguage\":\"fr-FR\",\"potentialAction\":[{\"@type\":\"ReadAction\",\"target\":[\"https:\\\/\\\/sanexen.com\\\/fr\\\/nouvelles\\\/\"]}]},{\"@type\":\"BreadcrumbList\",\"@id\":\"https:\\\/\\\/sanexen.com\\\/fr\\\/nouvelles\\\/#breadcrumb\",\"itemListElement\":[{\"@type\":\"ListItem\",\"position\":1,\"name\":\"Home\",\"item\":\"https:\\\/\\\/sanexen.com\\\/fr\\\/\"},{\"@type\":\"ListItem\",\"position\":2,\"name\":\"Nouvelles\"}]},{\"@type\":\"WebSite\",\"@id\":\"https:\\\/\\\/sanexen.com\\\/fr\\\/#website\",\"url\":\"https:\\\/\\\/sanexen.com\\\/fr\\\/\",\"name\":\"SANEXEN\",\"description\":\"Field-Driven Innovation in Environmental and Water Services\u2014Advancing a More Sustainable Future\",\"publisher\":{\"@id\":\"https:\\\/\\\/sanexen.com\\\/fr\\\/#organization\"},\"alternateName\":\"Sanexen Services environnementaux\",\"potentialAction\":[{\"@type\":\"SearchAction\",\"target\":{\"@type\":\"EntryPoint\",\"urlTemplate\":\"https:\\\/\\\/sanexen.com\\\/fr\\\/?s={search_term_string}\"},\"query-input\":{\"@type\":\"PropertyValueSpecification\",\"valueRequired\":true,\"valueName\":\"search_term_string\"}}],\"inLanguage\":\"fr-FR\"},{\"@type\":\"Organization\",\"@id\":\"https:\\\/\\\/sanexen.com\\\/fr\\\/#organization\",\"name\":\"SANEXEN\",\"alternateName\":\"Sanexen Services environnementaux\",\"url\":\"https:\\\/\\\/sanexen.com\\\/fr\\\/\",\"logo\":{\"@type\":\"ImageObject\",\"inLanguage\":\"fr-FR\",\"@id\":\"https:\\\/\\\/sanexen.com\\\/fr\\\/#\\\/schema\\\/logo\\\/image\\\/\",\"url\":\"https:\\\/\\\/sanexen.com\\\/wp-content\\\/uploads\\\/2025\\\/11\\\/SNX-logo-696X696.png\",\"contentUrl\":\"https:\\\/\\\/sanexen.com\\\/wp-content\\\/uploads\\\/2025\\\/11\\\/SNX-logo-696X696.png\",\"width\":696,\"height\":696,\"caption\":\"SANEXEN\"},\"image\":{\"@id\":\"https:\\\/\\\/sanexen.com\\\/fr\\\/#\\\/schema\\\/logo\\\/image\\\/\"},\"sameAs\":[\"https:\\\/\\\/www.facebook.com\\\/sanexen.env\\\/\",\"https:\\\/\\\/x.com\\\/sanexen_env\",\"https:\\\/\\\/www.linkedin.com\\\/company\\\/sanexen-env\",\"https:\\\/\\\/www.youtube.com\\\/@sanexen-env\"]}]}<\/script>\n<!-- \/ Yoast SEO plugin. -->","yoast_head_json":{"title":"Nouvelles | SANEXEN","description":"Restez inform\u00e9 des derni\u00e8res nouvelles de SANEXEN, y compris les annonces, reconnaissances de l'entreprise et les projets innovants.","robots":{"index":"index","follow":"follow","max-snippet":"max-snippet:-1","max-image-preview":"max-image-preview:large","max-video-preview":"max-video-preview:-1"},"canonical":"https:\/\/sanexen.com\/fr\/nouvelles\/","og_locale":"fr_FR","og_type":"article","og_title":"Nouvelles - ALTRA","og_description":"Restez inform\u00e9 des derni\u00e8res nouvelles et d\u00e9veloppements d'ALTRA, y compris les annonces et prix de l'entreprise et les projets innovants","og_url":"https:\/\/sanexen.com\/fr\/nouvelles\/","og_site_name":"SANEXEN","article_publisher":"https:\/\/www.facebook.com\/sanexen.env\/","article_modified_time":"2026-03-10T14:38:53+00:00","og_image":[{"width":800,"height":500,"url":"https:\/\/sanexen.com\/wp-content\/uploads\/2025\/06\/ALTRA_News-Cover_2025.jpg","type":"image\/jpeg"}],"twitter_card":"summary_large_image","twitter_title":"Nouvelles - ALTRA","twitter_description":"Restez inform\u00e9 des derni\u00e8res nouvelles et d\u00e9veloppements d'ALTRA, y compris les annonces et prix de l'entreprise et les projets innovants","twitter_image":"https:\/\/sanexen.com\/wp-content\/uploads\/2024\/08\/ALTRA_News-Cover.jpg","twitter_site":"@sanexen_env","twitter_misc":{"Dur\u00e9e de lecture estim\u00e9e":"5 minutes"},"schema":{"@context":"https:\/\/schema.org","@graph":[{"@type":"WebPage","@id":"https:\/\/sanexen.com\/fr\/nouvelles\/","url":"https:\/\/sanexen.com\/fr\/nouvelles\/","name":"Nouvelles | SANEXEN","isPartOf":{"@id":"https:\/\/sanexen.com\/fr\/#website"},"datePublished":"2023-02-06T14:57:02+00:00","dateModified":"2026-03-10T14:38:53+00:00","description":"Restez inform\u00e9 des derni\u00e8res nouvelles de SANEXEN, y compris les annonces, reconnaissances de l'entreprise et les projets innovants.","breadcrumb":{"@id":"https:\/\/sanexen.com\/fr\/nouvelles\/#breadcrumb"},"inLanguage":"fr-FR","potentialAction":[{"@type":"ReadAction","target":["https:\/\/sanexen.com\/fr\/nouvelles\/"]}]},{"@type":"BreadcrumbList","@id":"https:\/\/sanexen.com\/fr\/nouvelles\/#breadcrumb","itemListElement":[{"@type":"ListItem","position":1,"name":"Home","item":"https:\/\/sanexen.com\/fr\/"},{"@type":"ListItem","position":2,"name":"Nouvelles"}]},{"@type":"WebSite","@id":"https:\/\/sanexen.com\/fr\/#website","url":"https:\/\/sanexen.com\/fr\/","name":"SANEXEN","description":"Field-Driven Innovation in Environmental and Water Services\u2014Advancing a More Sustainable Future","publisher":{"@id":"https:\/\/sanexen.com\/fr\/#organization"},"alternateName":"Sanexen Services environnementaux","potentialAction":[{"@type":"SearchAction","target":{"@type":"EntryPoint","urlTemplate":"https:\/\/sanexen.com\/fr\/?s={search_term_string}"},"query-input":{"@type":"PropertyValueSpecification","valueRequired":true,"valueName":"search_term_string"}}],"inLanguage":"fr-FR"},{"@type":"Organization","@id":"https:\/\/sanexen.com\/fr\/#organization","name":"SANEXEN","alternateName":"Sanexen Services environnementaux","url":"https:\/\/sanexen.com\/fr\/","logo":{"@type":"ImageObject","inLanguage":"fr-FR","@id":"https:\/\/sanexen.com\/fr\/#\/schema\/logo\/image\/","url":"https:\/\/sanexen.com\/wp-content\/uploads\/2025\/11\/SNX-logo-696X696.png","contentUrl":"https:\/\/sanexen.com\/wp-content\/uploads\/2025\/11\/SNX-logo-696X696.png","width":696,"height":696,"caption":"SANEXEN"},"image":{"@id":"https:\/\/sanexen.com\/fr\/#\/schema\/logo\/image\/"},"sameAs":["https:\/\/www.facebook.com\/sanexen.env\/","https:\/\/x.com\/sanexen_env","https:\/\/www.linkedin.com\/company\/sanexen-env","https:\/\/www.youtube.com\/@sanexen-env"]}]}},"_links":{"self":[{"href":"https:\/\/sanexen.com\/fr\/wp-json\/wp\/v2\/pages\/1491","targetHints":{"allow":["GET"]}}],"collection":[{"href":"https:\/\/sanexen.com\/fr\/wp-json\/wp\/v2\/pages"}],"about":[{"href":"https:\/\/sanexen.com\/fr\/wp-json\/wp\/v2\/types\/page"}],"author":[{"embeddable":true,"href":"https:\/\/sanexen.com\/fr\/wp-json\/wp\/v2\/users\/7"}],"replies":[{"embeddable":true,"href":"https:\/\/sanexen.com\/fr\/wp-json\/wp\/v2\/comments?post=1491"}],"version-history":[{"count":7,"href":"https:\/\/sanexen.com\/fr\/wp-json\/wp\/v2\/pages\/1491\/revisions"}],"predecessor-version":[{"id":16533,"href":"https:\/\/sanexen.com\/fr\/wp-json\/wp\/v2\/pages\/1491\/revisions\/16533"}],"wp:attachment":[{"href":"https:\/\/sanexen.com\/fr\/wp-json\/wp\/v2\/media?parent=1491"}],"curies":[{"name":"wp","href":"https:\/\/api.w.org\/{rel}","templated":true}]}}