{"id":12829,"date":"2025-06-17T07:28:22","date_gmt":"2025-06-17T11:28:22","guid":{"rendered":"http:\/\/3.96.229.193\/projects\/"},"modified":"2025-11-12T10:23:56","modified_gmt":"2025-11-12T15:23:56","slug":"nos-projets-realises-sanexen","status":"publish","type":"page","link":"https:\/\/sanexen.com\/fr\/nos-projets-realises-sanexen\/","title":{"rendered":"Projets"},"content":{"rendered":"<p>[et_pb_section fb_built=\u00a0\u00bb1&Prime; custom_padding_last_edited=\u00a0\u00bboff|desktop\u00a0\u00bb module_id=\u00a0\u00bbtop-banner\u00a0\u00bb _builder_version=\u00a0\u00bb4.27.4&Prime; _module_preset=\u00a0\u00bbdefault\u00a0\u00bb use_background_color_gradient=\u00a0\u00bbon\u00a0\u00bb background_color_gradient_direction=\u00a0\u00bb89deg\u00a0\u00bb background_color_gradient_stops=\u00a0\u00bb#205673 2%|rgba(255,255,255,0) 50%\u00a0\u00bb background_color_gradient_overlays_image=\u00a0\u00bbon\u00a0\u00bb background_image=\u00a0\u00bbhttps:\/\/sanexen.com\/wp-content\/uploads\/2025\/06\/SANEXEN_Projects-Banner.jpg\u00a0\u00bb custom_padding=\u00a0\u00bb0px||0px||false|false\u00a0\u00bb custom_padding_tablet=\u00a0\u00bb160px||160px||true|false\u00a0\u00bb custom_padding_phone=\u00a0\u00bb160px||160px||true|false\u00a0\u00bb background_last_edited=\u00a0\u00bbon|phone\u00a0\u00bb use_background_color_gradient_tablet=\u00a0\u00bbon\u00a0\u00bb use_background_color_gradient_phone=\u00a0\u00bbon\u00a0\u00bb background_color_gradient_stops_tablet=\u00a0\u00bb#205673 2%|rgba(255,255,255,0) 70%\u00a0\u00bb background_color_gradient_stops_phone=\u00a0\u00bb#205673 2%|rgba(255,255,255,0) 90%\u00a0\u00bb locked=\u00a0\u00bboff\u00a0\u00bb global_colors_info=\u00a0\u00bb{}\u00a0\u00bb][et_pb_row module_class=\u00a0\u00bbbannerrow-text\u00a0\u00bb _builder_version=\u00a0\u00bb4.19.5&Prime; _module_preset=\u00a0\u00bbdefault\u00a0\u00bb width=\u00a0\u00bb100%\u00a0\u00bb max_width=\u00a0\u00bbnone\u00a0\u00bb module_alignment=\u00a0\u00bbleft\u00a0\u00bb custom_padding=\u00a0\u00bb0px|7vw|0px|7vw|true|true\u00a0\u00bb global_colors_info=\u00a0\u00bb{}\u00a0\u00bb][et_pb_column type=\u00a0\u00bb4_4&Prime; _builder_version=\u00a0\u00bb4.19.5&Prime; _module_preset=\u00a0\u00bbdefault\u00a0\u00bb global_colors_info=\u00a0\u00bb{}\u00a0\u00bb][et_pb_text _builder_version=\u00a0\u00bb4.27.4&Prime; _module_preset=\u00a0\u00bbdefault\u00a0\u00bb header_text_color=\u00a0\u00bb#ffffff\u00a0\u00bb custom_margin=\u00a0\u00bb||0px||false|false\u00a0\u00bb custom_padding=\u00a0\u00bb||25px||false|false\u00a0\u00bb custom_css_main_element=\u00a0\u00bbmin-width: 450px !important;\u00a0\u00bb global_colors_info=\u00a0\u00bb{}\u00a0\u00bb custom_css_main_element_last_edited=\u00a0\u00bbon|phone\u00a0\u00bb custom_css_main_element_tablet=\u00a0\u00bb \u00a0\u00bb custom_css_main_element_phone=\u00a0\u00bb \u00ab\u00a0]<\/p>\n<h1>PROJETS<\/h1>\n<p>[\/et_pb_text][et_pb_text module_class=\u00a0\u00bbtopbanner-p white-text\u00a0\u00bb _builder_version=\u00a0\u00bb4.27.4&Prime; _module_preset=\u00a0\u00bbdefault\u00a0\u00bb header_4_text_color=\u00a0\u00bb#ffffff\u00a0\u00bb header_4_font_size=\u00a0\u00bb25px\u00a0\u00bb custom_padding=\u00a0\u00bb||||false|false\u00a0\u00bb hover_enabled=\u00a0\u00bb0&Prime; custom_css_main_element=\u00a0\u00bbmin-width: 450px !important;\u00a0\u00bb global_colors_info=\u00a0\u00bb{}\u00a0\u00bb custom_css_main_element_last_edited=\u00a0\u00bbon|phone\u00a0\u00bb custom_css_main_element_tablet=\u00a0\u00bb \u00a0\u00bb custom_css_main_element_phone=\u00a0\u00bb \u00a0\u00bb max_width=\u00a0\u00bb500px\u00a0\u00bb sticky_enabled=\u00a0\u00bb0&Prime;]<\/p>\n<p>D\u00e9couvrez les projets de SANEXEN mati\u00e8re de solutions pour l\u2019environnement, l\u2019eau, le changement climatique et l\u2019\u00e9conomie circulaire.<\/p>\n<p>[\/et_pb_text][\/et_pb_column][\/et_pb_row][\/et_pb_section][et_pb_section fb_built=\u00a0\u00bb1&Prime; custom_padding_last_edited=\u00a0\u00bbon|phone\u00a0\u00bb disabled_on=\u00a0\u00bboff|off|off\u00a0\u00bb _builder_version=\u00a0\u00bb4.19.5&Prime; _module_preset=\u00a0\u00bbdefault\u00a0\u00bb custom_padding=\u00a0\u00bb77px||50px||false|false\u00a0\u00bb custom_padding_tablet=\u00a0\u00bb40px||20px||false|false\u00a0\u00bb custom_padding_phone=\u00a0\u00bb40px||20px||false|false\u00a0\u00bb global_colors_info=\u00a0\u00bb{}\u00a0\u00bb][et_pb_row column_structure=\u00a0\u00bb1_2,1_2&Prime; use_custom_gutter=\u00a0\u00bbon\u00a0\u00bb gutter_width=\u00a0\u00bb1&Prime; _builder_version=\u00a0\u00bb4.19.5&Prime; _module_preset=\u00a0\u00bbdefault\u00a0\u00bb width=\u00a0\u00bb86%\u00a0\u00bb max_width=\u00a0\u00bbnone\u00a0\u00bb custom_padding=\u00a0\u00bb0px||0px|||\u00a0\u00bb global_colors_info=\u00a0\u00bb{}\u00a0\u00bb][et_pb_column type=\u00a0\u00bb1_2&Prime; _builder_version=\u00a0\u00bb4.19.5&Prime; _module_preset=\u00a0\u00bbdefault\u00a0\u00bb custom_padding=\u00a0\u00bb|70px|||false|false\u00a0\u00bb custom_css_main_element=\u00a0\u00bbwidth: 33.6% !important;\u00a0\u00bb global_colors_info=\u00a0\u00bb{}\u00a0\u00bb custom_css_main_element_last_edited=\u00a0\u00bbon|phone\u00a0\u00bb custom_css_main_element_tablet=\u00a0\u00bb \u00a0\u00bb custom_css_main_element_phone=\u00a0\u00bb \u00ab\u00a0][sfdivi_search_filter_form search_form=\u00a0\u00bbsearch-filter-id-12834&Prime; module_id=\u00a0\u00bbsearch-filter\u00a0\u00bb _builder_version=\u00a0\u00bb4.27.4&Prime; _module_preset=\u00a0\u00bbdefault\u00a0\u00bb hover_enabled=\u00a0\u00bb0&Prime; global_colors_info=\u00a0\u00bb{}\u00a0\u00bb sticky_enabled=\u00a0\u00bb0&Prime;][\/sfdivi_search_filter_form][\/et_pb_column][et_pb_column type=\u00a0\u00bb1_2&Prime; _builder_version=\u00a0\u00bb4.19.5&Prime; _module_preset=\u00a0\u00bbdefault\u00a0\u00bb custom_padding=\u00a0\u00bb|0px||0px|false|true\u00a0\u00bb custom_css_main_element=\u00a0\u00bbwidth: 66.4% !important;\u00a0\u00bb global_colors_info=\u00a0\u00bb{}\u00a0\u00bb custom_css_main_element_last_edited=\u00a0\u00bbon|phone\u00a0\u00bb custom_css_main_element_tablet=\u00a0\u00bb \u00a0\u00bb custom_css_main_element_phone=\u00a0\u00bb \u00ab\u00a0][et_pb_blog fullwidth=\u00a0\u00bboff\u00a0\u00bb post_type=\u00a0\u00bbproject\u00a0\u00bb use_manual_excerpt=\u00a0\u00bboff\u00a0\u00bb show_more=\u00a0\u00bbon\u00a0\u00bb show_author=\u00a0\u00bboff\u00a0\u00bb show_date=\u00a0\u00bboff\u00a0\u00bb show_categories=\u00a0\u00bboff\u00a0\u00bb show_excerpt=\u00a0\u00bboff\u00a0\u00bb module_id=\u00a0\u00bbnews-blog\u00a0\u00bb module_class=\u00a0\u00bb search-filter-results-578 et-blog-css-grid search-filter-results-1756  search-filter-results-12813 \u00a0\u00bb _builder_version=\u00a0\u00bb4.27.4&Prime; _module_preset=\u00a0\u00bbdefault\u00a0\u00bb custom_padding=\u00a0\u00bb||||false|false\u00a0\u00bb custom_padding_tablet=\u00a0\u00bb17px||||false|false\u00a0\u00bb custom_padding_phone=\u00a0\u00bb17px||||false|false\u00a0\u00bb custom_padding_last_edited=\u00a0\u00bbon|phone\u00a0\u00bb hover_enabled=\u00a0\u00bb0&Prime; search_filter_link=\u00a0\u00bbyes\u00a0\u00bb search_filter_id=\u00a0\u00bbsearch-filter-id-12834&Prime; border_width_all=\u00a0\u00bb0px\u00a0\u00bb global_colors_info=\u00a0\u00bb{}\u00a0\u00bb sticky_enabled=\u00a0\u00bb0&Prime;][\/et_pb_blog][\/et_pb_column][\/et_pb_row][\/et_pb_section]<\/p>\n","protected":false},"excerpt":{"rendered":"<p>PROJETSD\u00e9couvrez les projets de SANEXEN mati\u00e8re de solutions pour l\u2019environnement, l\u2019eau, le changement climatique et l\u2019\u00e9conomie circulaire.<div id=\"search-filter\" class=\"et_pb_module sfdivi_search_filter_form sfdivi_search_filter_form_0\">\n\t\t\t\t\n\t\t\t\t\n\t\t\t\t\n\t\t\t\t\n\t\t\t\t\n\t\t\t\t\n\t\t\t\t<div class=\"et_pb_module_inner\">\n\t\t\t\t\t<form data-sf-form-id='12834' data-is-rtl='0' data-maintain-state='' data-results-url='https:\/\/sanexen.com\/fr\/nos-projets-realises-sanexen' data-ajax-url='https:\/\/sanexen.com\/fr\/nos-projets-realises-sanexen?sf_data=results' data-ajax-form-url='https:\/\/sanexen.com\/fr\/?sfid=12834&amp;sf_action=get_data&amp;sf_data=form' data-display-result-method='divi_post_module' data-use-history-api='1' data-template-loaded='0' data-lang-code='fr' data-ajax='1' data-ajax-data-type='html' data-ajax-links-selector='.pagination a' data-ajax-target='.search-filter-results-12834' data-ajax-pagination-type='normal' data-update-ajax-url='1' data-only-results-ajax='1' data-scroll-to-pos='0' data-init-paged='1' data-auto-update='1' action='https:\/\/sanexen.com\/fr\/nos-projets-realises-sanexen' method='post' class='searchandfilter' id='search-filter-form-12834' autocomplete='off' data-instance-count='1'><ul><li class=\"sf-field-taxonomy-project_category\" data-sf-field-name=\"_sft_project_category\" data-sf-field-type=\"taxonomy\" data-sf-field-input-type=\"checkbox\"><h4>CAT\u00c9GORIES<\/h4>\t\t<ul data-operator=\"and\" class=\"\">\n\t\t\t\n\t\t\t<li class=\"sf-level-0 sf-item-90\" data-sf-count=\"4\" data-sf-depth=\"0\"><input  class=\"sf-input-checkbox\" type=\"checkbox\" value=\"dragage-deshydratation\" name=\"_sft_project_category[]\" id=\"sf-input-22adc72a3c3bb56e43ef09a771ebf7dc\"><label class=\"sf-label-checkbox\" for=\"sf-input-22adc72a3c3bb56e43ef09a771ebf7dc\">Dragage et d\u00e9shydratation<\/label><\/li><li class=\"sf-level-0 sf-item-93\" data-sf-count=\"4\" data-sf-depth=\"0\"><input  class=\"sf-input-checkbox\" type=\"checkbox\" value=\"gestion-biosolides\" name=\"_sft_project_category[]\" id=\"sf-input-de83dc4204c8bf22133d92f411361d58\"><label class=\"sf-label-checkbox\" for=\"sf-input-de83dc4204c8bf22133d92f411361d58\">Gestion de biosolides<\/label><\/li><li class=\"sf-level-0 sf-item-101\" data-sf-count=\"1\" data-sf-depth=\"0\"><input  class=\"sf-input-checkbox\" type=\"checkbox\" value=\"qikiqtaaluk-environmental\" name=\"_sft_project_category[]\" id=\"sf-input-a4748212b0a92434735bd5fd751f226c\"><label class=\"sf-label-checkbox\" for=\"sf-input-a4748212b0a92434735bd5fd751f226c\">Qikiqtaaluk Environmental<\/label><\/li><li class=\"sf-level-0 sf-item-97\" data-sf-count=\"4\" data-sf-depth=\"0\"><input  class=\"sf-input-checkbox\" type=\"checkbox\" value=\"rehabilitation-environnementale\" name=\"_sft_project_category[]\" id=\"sf-input-999b15be9ea8557083f5275e247cfee3\"><label class=\"sf-label-checkbox\" for=\"sf-input-999b15be9ea8557083f5275e247cfee3\">R\u00e9habilitation environnementale de sites<\/label><\/li><li class=\"sf-level-0 sf-item-95\" data-sf-count=\"3\" data-sf-depth=\"0\"><input  class=\"sf-input-checkbox\" type=\"checkbox\" value=\"solution-pfas\" name=\"_sft_project_category[]\" id=\"sf-input-c1a853f78d93390e05bd7315666cbc80\"><label class=\"sf-label-checkbox\" for=\"sf-input-c1a853f78d93390e05bd7315666cbc80\">Solution PFAS<\/label><\/li><li class=\"sf-level-0 sf-item-91\" data-sf-count=\"3\" data-sf-depth=\"0\"><input  class=\"sf-input-checkbox\" type=\"checkbox\" value=\"traitement-effluents-industriels\" name=\"_sft_project_category[]\" id=\"sf-input-f5cec2f598df4aa203cc5d4b91616bac\"><label class=\"sf-label-checkbox\" for=\"sf-input-f5cec2f598df4aa203cc5d4b91616bac\">Traitement des effluents industriels<\/label><\/li>\t\t<\/ul>\n\t\t<\/li><li class=\"sf-field-search\" data-sf-field-name=\"search\" data-sf-field-type=\"search\" data-sf-field-input-type=\"\"><h4>RECHERCHE<\/h4>\t\t<label><input placeholder=\"\" name=\"_sf_search[]\" class=\"sf-input-text\" type=\"text\" value=\"\" title=\"\"><\/label>\t\t<\/li><\/ul><\/form>\n\t\t\t\t<\/div>\n\t\t\t<\/div><\/p>\n","protected":false},"author":7,"featured_media":0,"parent":0,"menu_order":0,"comment_status":"closed","ping_status":"closed","template":"","meta":{"_et_pb_use_builder":"on","_et_pb_old_content":"","_et_gb_content_width":"","footnotes":""},"class_list":["post-12829","page","type-page","status-publish","hentry"],"yoast_head":"<!-- This site is optimized with the Yoast SEO plugin v27.3 - https:\/\/yoast.com\/product\/yoast-seo-wordpress\/ -->\n<title>Projets r\u00e9alis\u00e9s | SANEXEN<\/title>\n<meta name=\"description\" content=\"D\u00e9couvrez les projets r\u00e9alis\u00e9s par SANEXEN. De la r\u00e9habilitation environnementale aux solutions pour le traitement d&#039;eau.\" \/>\n<meta name=\"robots\" content=\"index, follow, max-snippet:-1, max-image-preview:large, max-video-preview:-1\" \/>\n<link rel=\"canonical\" href=\"https:\/\/sanexen.com\/fr\/nos-projets-realises-sanexen\/\" \/>\n<meta property=\"og:locale\" content=\"fr_FR\" \/>\n<meta property=\"og:type\" content=\"article\" \/>\n<meta property=\"og:title\" content=\"SANEXEN - Nos projets\" \/>\n<meta property=\"og:description\" content=\"D\u00e9couvrez les projets de SANEXEN mati\u00e8re de solutions pour l\u2019environnement, l\u2019eau, le changement climatique et l\u2019\u00e9conomie circulaire.\" \/>\n<meta property=\"og:url\" content=\"https:\/\/sanexen.com\/fr\/nos-projets-realises-sanexen\/\" \/>\n<meta property=\"og:site_name\" content=\"SANEXEN\" \/>\n<meta property=\"article:publisher\" content=\"https:\/\/www.facebook.com\/sanexen.env\/\" \/>\n<meta property=\"article:modified_time\" content=\"2025-11-12T15:23:56+00:00\" \/>\n<meta property=\"og:image\" content=\"https:\/\/sanexen.com\/wp-content\/uploads\/2025\/01\/ALTRA_Environmental-Remediation_DEW-Line_Contact.jpg\" \/>\n\t<meta property=\"og:image:width\" content=\"1450\" \/>\n\t<meta property=\"og:image:height\" content=\"1038\" \/>\n\t<meta property=\"og:image:type\" content=\"image\/jpeg\" \/>\n<meta name=\"twitter:card\" content=\"summary_large_image\" \/>\n<meta name=\"twitter:site\" content=\"@sanexen_env\" \/>\n<meta name=\"twitter:label1\" content=\"Dur\u00e9e de lecture estim\u00e9e\" \/>\n\t<meta name=\"twitter:data1\" content=\"5 minutes\" \/>\n<script type=\"application\/ld+json\" class=\"yoast-schema-graph\">{\"@context\":\"https:\\\/\\\/schema.org\",\"@graph\":[{\"@type\":\"WebPage\",\"@id\":\"https:\\\/\\\/sanexen.com\\\/fr\\\/nos-projets-realises-sanexen\\\/\",\"url\":\"https:\\\/\\\/sanexen.com\\\/fr\\\/nos-projets-realises-sanexen\\\/\",\"name\":\"Projets r\u00e9alis\u00e9s | SANEXEN\",\"isPartOf\":{\"@id\":\"https:\\\/\\\/sanexen.com\\\/fr\\\/#website\"},\"datePublished\":\"2025-06-17T11:28:22+00:00\",\"dateModified\":\"2025-11-12T15:23:56+00:00\",\"description\":\"D\u00e9couvrez les projets r\u00e9alis\u00e9s par SANEXEN. De la r\u00e9habilitation environnementale aux solutions pour le traitement d'eau.\",\"breadcrumb\":{\"@id\":\"https:\\\/\\\/sanexen.com\\\/fr\\\/nos-projets-realises-sanexen\\\/#breadcrumb\"},\"inLanguage\":\"fr-FR\",\"potentialAction\":[{\"@type\":\"ReadAction\",\"target\":[\"https:\\\/\\\/sanexen.com\\\/fr\\\/nos-projets-realises-sanexen\\\/\"]}]},{\"@type\":\"BreadcrumbList\",\"@id\":\"https:\\\/\\\/sanexen.com\\\/fr\\\/nos-projets-realises-sanexen\\\/#breadcrumb\",\"itemListElement\":[{\"@type\":\"ListItem\",\"position\":1,\"name\":\"Home\",\"item\":\"https:\\\/\\\/sanexen.com\\\/fr\\\/\"},{\"@type\":\"ListItem\",\"position\":2,\"name\":\"Projets\"}]},{\"@type\":\"WebSite\",\"@id\":\"https:\\\/\\\/sanexen.com\\\/fr\\\/#website\",\"url\":\"https:\\\/\\\/sanexen.com\\\/fr\\\/\",\"name\":\"SANEXEN\",\"description\":\"Field-Driven Innovation in Environmental and Water Services\u2014Advancing a More Sustainable Future\",\"publisher\":{\"@id\":\"https:\\\/\\\/sanexen.com\\\/fr\\\/#organization\"},\"alternateName\":\"Sanexen Services environnementaux\",\"potentialAction\":[{\"@type\":\"SearchAction\",\"target\":{\"@type\":\"EntryPoint\",\"urlTemplate\":\"https:\\\/\\\/sanexen.com\\\/fr\\\/?s={search_term_string}\"},\"query-input\":{\"@type\":\"PropertyValueSpecification\",\"valueRequired\":true,\"valueName\":\"search_term_string\"}}],\"inLanguage\":\"fr-FR\"},{\"@type\":\"Organization\",\"@id\":\"https:\\\/\\\/sanexen.com\\\/fr\\\/#organization\",\"name\":\"SANEXEN\",\"alternateName\":\"Sanexen Services environnementaux\",\"url\":\"https:\\\/\\\/sanexen.com\\\/fr\\\/\",\"logo\":{\"@type\":\"ImageObject\",\"inLanguage\":\"fr-FR\",\"@id\":\"https:\\\/\\\/sanexen.com\\\/fr\\\/#\\\/schema\\\/logo\\\/image\\\/\",\"url\":\"https:\\\/\\\/sanexen.com\\\/wp-content\\\/uploads\\\/2025\\\/11\\\/SNX-logo-696X696.png\",\"contentUrl\":\"https:\\\/\\\/sanexen.com\\\/wp-content\\\/uploads\\\/2025\\\/11\\\/SNX-logo-696X696.png\",\"width\":696,\"height\":696,\"caption\":\"SANEXEN\"},\"image\":{\"@id\":\"https:\\\/\\\/sanexen.com\\\/fr\\\/#\\\/schema\\\/logo\\\/image\\\/\"},\"sameAs\":[\"https:\\\/\\\/www.facebook.com\\\/sanexen.env\\\/\",\"https:\\\/\\\/x.com\\\/sanexen_env\",\"https:\\\/\\\/www.linkedin.com\\\/company\\\/sanexen-env\",\"https:\\\/\\\/www.youtube.com\\\/@sanexen-env\"]}]}<\/script>\n<!-- \/ Yoast SEO plugin. -->","yoast_head_json":{"title":"Projets r\u00e9alis\u00e9s | SANEXEN","description":"D\u00e9couvrez les projets r\u00e9alis\u00e9s par SANEXEN. De la r\u00e9habilitation environnementale aux solutions pour le traitement d'eau.","robots":{"index":"index","follow":"follow","max-snippet":"max-snippet:-1","max-image-preview":"max-image-preview:large","max-video-preview":"max-video-preview:-1"},"canonical":"https:\/\/sanexen.com\/fr\/nos-projets-realises-sanexen\/","og_locale":"fr_FR","og_type":"article","og_title":"SANEXEN - Nos projets","og_description":"D\u00e9couvrez les projets de SANEXEN mati\u00e8re de solutions pour l\u2019environnement, l\u2019eau, le changement climatique et l\u2019\u00e9conomie circulaire.","og_url":"https:\/\/sanexen.com\/fr\/nos-projets-realises-sanexen\/","og_site_name":"SANEXEN","article_publisher":"https:\/\/www.facebook.com\/sanexen.env\/","article_modified_time":"2025-11-12T15:23:56+00:00","og_image":[{"width":1450,"height":1038,"url":"https:\/\/sanexen.com\/wp-content\/uploads\/2025\/01\/ALTRA_Environmental-Remediation_DEW-Line_Contact.jpg","type":"image\/jpeg"}],"twitter_card":"summary_large_image","twitter_site":"@sanexen_env","twitter_misc":{"Dur\u00e9e de lecture estim\u00e9e":"5 minutes"},"schema":{"@context":"https:\/\/schema.org","@graph":[{"@type":"WebPage","@id":"https:\/\/sanexen.com\/fr\/nos-projets-realises-sanexen\/","url":"https:\/\/sanexen.com\/fr\/nos-projets-realises-sanexen\/","name":"Projets r\u00e9alis\u00e9s | SANEXEN","isPartOf":{"@id":"https:\/\/sanexen.com\/fr\/#website"},"datePublished":"2025-06-17T11:28:22+00:00","dateModified":"2025-11-12T15:23:56+00:00","description":"D\u00e9couvrez les projets r\u00e9alis\u00e9s par SANEXEN. De la r\u00e9habilitation environnementale aux solutions pour le traitement d'eau.","breadcrumb":{"@id":"https:\/\/sanexen.com\/fr\/nos-projets-realises-sanexen\/#breadcrumb"},"inLanguage":"fr-FR","potentialAction":[{"@type":"ReadAction","target":["https:\/\/sanexen.com\/fr\/nos-projets-realises-sanexen\/"]}]},{"@type":"BreadcrumbList","@id":"https:\/\/sanexen.com\/fr\/nos-projets-realises-sanexen\/#breadcrumb","itemListElement":[{"@type":"ListItem","position":1,"name":"Home","item":"https:\/\/sanexen.com\/fr\/"},{"@type":"ListItem","position":2,"name":"Projets"}]},{"@type":"WebSite","@id":"https:\/\/sanexen.com\/fr\/#website","url":"https:\/\/sanexen.com\/fr\/","name":"SANEXEN","description":"Field-Driven Innovation in Environmental and Water Services\u2014Advancing a More Sustainable Future","publisher":{"@id":"https:\/\/sanexen.com\/fr\/#organization"},"alternateName":"Sanexen Services environnementaux","potentialAction":[{"@type":"SearchAction","target":{"@type":"EntryPoint","urlTemplate":"https:\/\/sanexen.com\/fr\/?s={search_term_string}"},"query-input":{"@type":"PropertyValueSpecification","valueRequired":true,"valueName":"search_term_string"}}],"inLanguage":"fr-FR"},{"@type":"Organization","@id":"https:\/\/sanexen.com\/fr\/#organization","name":"SANEXEN","alternateName":"Sanexen Services environnementaux","url":"https:\/\/sanexen.com\/fr\/","logo":{"@type":"ImageObject","inLanguage":"fr-FR","@id":"https:\/\/sanexen.com\/fr\/#\/schema\/logo\/image\/","url":"https:\/\/sanexen.com\/wp-content\/uploads\/2025\/11\/SNX-logo-696X696.png","contentUrl":"https:\/\/sanexen.com\/wp-content\/uploads\/2025\/11\/SNX-logo-696X696.png","width":696,"height":696,"caption":"SANEXEN"},"image":{"@id":"https:\/\/sanexen.com\/fr\/#\/schema\/logo\/image\/"},"sameAs":["https:\/\/www.facebook.com\/sanexen.env\/","https:\/\/x.com\/sanexen_env","https:\/\/www.linkedin.com\/company\/sanexen-env","https:\/\/www.youtube.com\/@sanexen-env"]}]}},"_links":{"self":[{"href":"https:\/\/sanexen.com\/fr\/wp-json\/wp\/v2\/pages\/12829","targetHints":{"allow":["GET"]}}],"collection":[{"href":"https:\/\/sanexen.com\/fr\/wp-json\/wp\/v2\/pages"}],"about":[{"href":"https:\/\/sanexen.com\/fr\/wp-json\/wp\/v2\/types\/page"}],"author":[{"embeddable":true,"href":"https:\/\/sanexen.com\/fr\/wp-json\/wp\/v2\/users\/7"}],"replies":[{"embeddable":true,"href":"https:\/\/sanexen.com\/fr\/wp-json\/wp\/v2\/comments?post=12829"}],"version-history":[{"count":7,"href":"https:\/\/sanexen.com\/fr\/wp-json\/wp\/v2\/pages\/12829\/revisions"}],"predecessor-version":[{"id":13820,"href":"https:\/\/sanexen.com\/fr\/wp-json\/wp\/v2\/pages\/12829\/revisions\/13820"}],"wp:attachment":[{"href":"https:\/\/sanexen.com\/fr\/wp-json\/wp\/v2\/media?parent=12829"}],"curies":[{"name":"wp","href":"https:\/\/api.w.org\/{rel}","templated":true}]}}